{"id":15,"date":"2015-08-03T09:00:56","date_gmt":"2015-08-03T09:00:56","guid":{"rendered":"http:\/\/renovation.thememove.com\/?page_id=15"},"modified":"2026-03-18T06:31:59","modified_gmt":"2026-03-18T06:31:59","slug":"home-page-1","status":"publish","type":"page","link":"https:\/\/www.ltcparaguay.com.py\/index.php\/home-page-1\/","title":{"rendered":"Inicio"},"content":{"rendered":"<p>&nbsp;<\/p>\n<p>Deje la\u00a0 limpieza dif\u00edcil en manos de los expertos.. Destranques, limpiezas, reparaci\u00f3n de tuber\u00edas sin destrucci\u00f3n de obras, limpieza de todo tipo de obras industriales, todo eso para ofrecerle una vida m\u00e1s segura.<\/p>\n<p>Si estas en una situaci\u00f3n de emergencia, no te preocupes. Proveemos servicios de\u00a0 24\/7. Una vez que llames, te realizamos el trabajo de inmediato.<\/p>\n<p><span id=\"result_box\" lang=\"es\">Hacemos m\u00e1s que un servicio de limpieza y reparaci\u00f3n, comprobamos los problemas t\u00e9cnicos que requieren atenci\u00f3n para mantenerlo seguro y ahorrar su dinero.<\/span><\/p>\n<p>Le ofrecemos alta\u00a0 calidad de trabajo y compromiso, buscando siempre la satisfacci\u00f3n del cliente. Obtenga un presupuesto r\u00e1pido. Env\u00edenos un email completando sus detalles y cualquier comentario que nos quiera compartir.<\/p>\n","protected":false},"excerpt":{"rendered":"<p>&nbsp; Deje la\u00a0 limpieza dif\u00edcil en manos de los expertos.. Destranques, limpiezas, reparaci\u00f3n de tuber\u00edas sin destrucci\u00f3n de obras, limpieza de todo tipo de obras industriales, todo eso para ofrecerle una vida m\u00e1s segura. Si estas en una situaci\u00f3n de emergencia, no te preocupes. Proveemos servicios de\u00a0 24\/7. Una vez que llames, te realizamos el [&hellip;]<\/p>\n","protected":false},"author":2,"featured_media":0,"parent":0,"menu_order":0,"comment_status":"open","ping_status":"closed","template":"","meta":{"footnotes":""},"class_list":["post-15","page","type-page","status-publish","hentry"],"_links":{"self":[{"href":"https:\/\/www.ltcparaguay.com.py\/index.php\/wp-json\/wp\/v2\/pages\/15","targetHints":{"allow":["GET"]}}],"collection":[{"href":"https:\/\/www.ltcparaguay.com.py\/index.php\/wp-json\/wp\/v2\/pages"}],"about":[{"href":"https:\/\/www.ltcparaguay.com.py\/index.php\/wp-json\/wp\/v2\/types\/page"}],"author":[{"embeddable":true,"href":"https:\/\/www.ltcparaguay.com.py\/index.php\/wp-json\/wp\/v2\/users\/2"}],"replies":[{"embeddable":true,"href":"https:\/\/www.ltcparaguay.com.py\/index.php\/wp-json\/wp\/v2\/comments?post=15"}],"version-history":[{"count":37,"href":"https:\/\/www.ltcparaguay.com.py\/index.php\/wp-json\/wp\/v2\/pages\/15\/revisions"}],"predecessor-version":[{"id":2655,"href":"https:\/\/www.ltcparaguay.com.py\/index.php\/wp-json\/wp\/v2\/pages\/15\/revisions\/2655"}],"wp:attachment":[{"href":"https:\/\/www.ltcparaguay.com.py\/index.php\/wp-json\/wp\/v2\/media?parent=15"}],"curies":[{"name":"wp","href":"https:\/\/api.w.org\/{rel}","templated":true}]}}