{"id":2317,"date":"2016-08-09T14:57:56","date_gmt":"2016-08-09T14:57:56","guid":{"rendered":"https:\/\/www.ltcparaguay.com.py\/?page_id=2317"},"modified":"2019-02-25T05:52:43","modified_gmt":"2019-02-25T05:52:43","slug":"detranque-y-limpiezas","status":"publish","type":"page","link":"https:\/\/www.ltcparaguay.com.py\/index.php\/detranque-y-limpiezas\/","title":{"rendered":"Detranque y limpiezas"},"content":{"rendered":"<p><img loading=\"lazy\" decoding=\"async\" class=\"alignleft wp-image-2432\" src=\"https:\/\/www.ltcparaguay.com.py\/wp-content\/uploads\/2018\/08\/Limpieza-cloacal-300x200.jpg\" alt=\"\" width=\"378\" height=\"253\" srcset=\"https:\/\/www.ltcparaguay.com.py\/wp-content\/uploads\/2018\/08\/Limpieza-cloacal-300x200.jpg 300w, https:\/\/www.ltcparaguay.com.py\/wp-content\/uploads\/2018\/08\/Limpieza-cloacal.jpg 585w\" sizes=\"auto, (max-width: 378px) 100vw, 378px\" \/><\/p>\n<p>Especialistas en destranques!!, solucionamos todo lo relacionado con ellos.<br \/>\nContamos con profesionales experimentados y altamente cualificados. Utilizamos los m\u00e1s modernos equipos con m\u00e1quinas de alta presi\u00f3n, para los destranques m\u00e1s complicados, (empresas, comercios, hoteles, Municipalidades, colegios, institutos, sociedades, unifamiliares,&#8230;) y eficaces m\u00e1quinas mas peque\u00f1as, descegadoras aut\u00f3nomas, para los dom\u00e9sticos.<\/p>\n<p>Ademas del destranque, limpiamos completamente sus tuber\u00edas con alta presi\u00f3n,\u00a0 la liberaci\u00f3n del destranque con varillas no dejan de ser parches temporales que hacen que los tranques se repitan frecuentemente. Solucione definitiva y eficazmente sus problemas con nosotros.<\/p>\n<p><img loading=\"lazy\" decoding=\"async\" class=\" wp-image-2433 alignright\" src=\"https:\/\/www.ltcparaguay.com.py\/wp-content\/uploads\/2018\/08\/Limpieza-cloacal-antes-y-despues.jpg\" alt=\"\" width=\"250\" height=\"299\" \/><\/p>\n<p>Los tranques provocan la acumulaci\u00f3n de sedimentos en sus tuber\u00edas que se solidifican y hacen que la secci\u00f3n de paso vaya reduci\u00e9ndose con nuestro novedoso sistema de limpieza con agua a alta presi\u00f3n renovamos\u00a0completamente la secci\u00f3n total de su tuber\u00eda consiguiendo que los tranques no vuelvan a\u00a0 repetirse con tanta asiduidad.<\/p>\n<p>Si esta cansado de soluciones temporales, no dude en llamarnos.<\/p>\n<p>Disponemos de sistemas que ademas nos permiten visionar y monitorear sus tuber\u00edas para mostrar la eficacia de nuestros equipos y detectar las anomal\u00edas que provocan sus tranques<\/p>\n","protected":false},"excerpt":{"rendered":"<p>Especialistas en destranques!!, solucionamos todo lo relacionado con ellos. Contamos con profesionales experimentados y altamente cualificados. Utilizamos los m\u00e1s modernos equipos con m\u00e1quinas de alta presi\u00f3n, para los destranques m\u00e1s complicados, (empresas, comercios, hoteles, Municipalidades, colegios, institutos, sociedades, unifamiliares,&#8230;) y eficaces m\u00e1quinas mas peque\u00f1as, descegadoras aut\u00f3nomas, para los dom\u00e9sticos. Ademas del destranque, limpiamos completamente sus [&hellip;]<\/p>\n","protected":false},"author":2,"featured_media":0,"parent":0,"menu_order":0,"comment_status":"closed","ping_status":"closed","template":"","meta":{"footnotes":""},"class_list":["post-2317","page","type-page","status-publish","hentry"],"_links":{"self":[{"href":"https:\/\/www.ltcparaguay.com.py\/index.php\/wp-json\/wp\/v2\/pages\/2317","targetHints":{"allow":["GET"]}}],"collection":[{"href":"https:\/\/www.ltcparaguay.com.py\/index.php\/wp-json\/wp\/v2\/pages"}],"about":[{"href":"https:\/\/www.ltcparaguay.com.py\/index.php\/wp-json\/wp\/v2\/types\/page"}],"author":[{"embeddable":true,"href":"https:\/\/www.ltcparaguay.com.py\/index.php\/wp-json\/wp\/v2\/users\/2"}],"replies":[{"embeddable":true,"href":"https:\/\/www.ltcparaguay.com.py\/index.php\/wp-json\/wp\/v2\/comments?post=2317"}],"version-history":[{"count":5,"href":"https:\/\/www.ltcparaguay.com.py\/index.php\/wp-json\/wp\/v2\/pages\/2317\/revisions"}],"predecessor-version":[{"id":2467,"href":"https:\/\/www.ltcparaguay.com.py\/index.php\/wp-json\/wp\/v2\/pages\/2317\/revisions\/2467"}],"wp:attachment":[{"href":"https:\/\/www.ltcparaguay.com.py\/index.php\/wp-json\/wp\/v2\/media?parent=2317"}],"curies":[{"name":"wp","href":"https:\/\/api.w.org\/{rel}","templated":true}]}}