{"id":2319,"date":"2016-08-09T15:02:46","date_gmt":"2016-08-09T15:02:46","guid":{"rendered":"https:\/\/www.ltcparaguay.com.py\/?page_id=2319"},"modified":"2019-02-25T07:32:33","modified_gmt":"2019-02-25T07:32:33","slug":"limpieza-industrial","status":"publish","type":"page","link":"https:\/\/www.ltcparaguay.com.py\/index.php\/limpieza-industrial\/","title":{"rendered":"Limpieza industrial"},"content":{"rendered":"<div><u><b>Mantenimiento de redes e instalaciones<\/b><\/u><br \/>\n<u><br \/>\n<\/u><\/div>\n<div>\n<p>Con Desciegues y limpiezas LTC.SA, usted elige el tipo de mantenimiento para sus instalaciones y redes, nosotros le asesoramos.<\/p>\n<p>Con LTC.SA, usted puede optar por un mantenimiento sencillo mediante una limpieza peri\u00f3dica del conjunto o parte de sus intalaciones.<br \/>\nSi usted lo desea, podemos realizar un an\u00e1lisis del estado y configuraci\u00f3n de sus instalaciones, present\u00e1ndole un informe detallado y valorado de actividades de mantenimiento recomendadas. Posteriormente, en funci\u00f3n de sus intereses, usted elige el tipo de mantenimiento que desea y el tipo de relaci\u00f3n comercial de mantenimiento a suscribir.<\/p>\n<p>Adem\u00e1s de las habituales operaciones de limpieza, podemos ofrecerle nuestros servicios de reparaci\u00f3n de canalizaciones mediante t\u00e9cnicas \u00abPackers\u00bb, fresado de elementos que invaden las canalizaciones como raices, concreciones, etc.., servicios de alba\u00f1iler\u00eda y fontaner\u00eda de mantenimiento. Gestionamos la tramitaci\u00f3n de los partes ante las compa\u00f1\u00edas de seguros.<\/p>\n<p>Realizamos operaciones de mantenimiento en:<\/p>\n<ul>\n<li>instalaciones industriales<\/li>\n<li>instalaciones deportivas<\/li>\n<li>infraestructuras agr\u00edcolas<\/li>\n<li>comunidades de vecinos, urbanizaciones privadas<\/li>\n<li>instalaciones de gesti\u00f3n de aguas residuales<\/li>\n<li>redes de entidades locales, urbanizaciones.<\/li>\n<li>viviendas particulares.<\/li>\n<li>Viviendas unifamiliares, chalets.<\/li>\n<\/ul>\n<\/div>\n","protected":false},"excerpt":{"rendered":"<p>Mantenimiento de redes e instalaciones Con Desciegues y limpiezas LTC.SA, usted elige el tipo de mantenimiento para sus instalaciones y redes, nosotros le asesoramos. Con LTC.SA, usted puede optar por un mantenimiento sencillo mediante una limpieza peri\u00f3dica del conjunto o parte de sus intalaciones. Si usted lo desea, podemos realizar un an\u00e1lisis del estado y [&hellip;]<\/p>\n","protected":false},"author":2,"featured_media":0,"parent":0,"menu_order":0,"comment_status":"closed","ping_status":"closed","template":"","meta":{"footnotes":""},"class_list":["post-2319","page","type-page","status-publish","hentry"],"_links":{"self":[{"href":"https:\/\/www.ltcparaguay.com.py\/index.php\/wp-json\/wp\/v2\/pages\/2319","targetHints":{"allow":["GET"]}}],"collection":[{"href":"https:\/\/www.ltcparaguay.com.py\/index.php\/wp-json\/wp\/v2\/pages"}],"about":[{"href":"https:\/\/www.ltcparaguay.com.py\/index.php\/wp-json\/wp\/v2\/types\/page"}],"author":[{"embeddable":true,"href":"https:\/\/www.ltcparaguay.com.py\/index.php\/wp-json\/wp\/v2\/users\/2"}],"replies":[{"embeddable":true,"href":"https:\/\/www.ltcparaguay.com.py\/index.php\/wp-json\/wp\/v2\/comments?post=2319"}],"version-history":[{"count":2,"href":"https:\/\/www.ltcparaguay.com.py\/index.php\/wp-json\/wp\/v2\/pages\/2319\/revisions"}],"predecessor-version":[{"id":2389,"href":"https:\/\/www.ltcparaguay.com.py\/index.php\/wp-json\/wp\/v2\/pages\/2319\/revisions\/2389"}],"wp:attachment":[{"href":"https:\/\/www.ltcparaguay.com.py\/index.php\/wp-json\/wp\/v2\/media?parent=2319"}],"curies":[{"name":"wp","href":"https:\/\/api.w.org\/{rel}","templated":true}]}}