{"id":2323,"date":"2016-08-09T15:11:40","date_gmt":"2016-08-09T15:11:40","guid":{"rendered":"https:\/\/www.ltcparaguay.com.py\/?page_id=2323"},"modified":"2018-08-11T05:21:49","modified_gmt":"2018-08-11T05:21:49","slug":"inspeccion","status":"publish","type":"page","link":"https:\/\/www.ltcparaguay.com.py\/index.php\/inspeccion\/","title":{"rendered":"Inspecci\u00f3n"},"content":{"rendered":"<p><b><u><img loading=\"lazy\" decoding=\"async\" class=\"alignnone size-medium wp-image-2396\" src=\"https:\/\/www.ltcparaguay.com.py\/wp-content\/uploads\/2015\/04\/camaras_0-300x214.jpg\" alt=\"camaras_0\" width=\"300\" height=\"214\" srcset=\"https:\/\/www.ltcparaguay.com.py\/wp-content\/uploads\/2015\/04\/camaras_0-300x214.jpg 300w, https:\/\/www.ltcparaguay.com.py\/wp-content\/uploads\/2015\/04\/camaras_0.jpg 420w\" sizes=\"auto, (max-width: 300px) 100vw, 300px\" \/><img loading=\"lazy\" decoding=\"async\" class=\"wp-image-2334 alignright\" src=\"https:\/\/www.ltcparaguay.com.py\/wp-content\/uploads\/2015\/08\/CAMARA-LTC.jpg\" alt=\"CAMARA LTC\" width=\"224\" height=\"215\" \/><\/u><\/b><\/p>\n<p><b><u>INSPECCION DE REDES<\/u><\/b><br \/>\n<b><u><br \/>\n<\/u><\/b>La inspeccion de tuber\u00edas cloacales es una herramienta b\u00e1sica tanto en obras nuevas como en obras existente. Nuestros equipos de inspecci\u00f3n, grabaci\u00f3n digital y edici\u00f3n se adaptan a las necesidades de una amplia gama de clientes, en funci\u00f3n de las exigencias t\u00e9cnicas que requieran este tipo de inspecciones.<\/p>\n<p>Contamos con equipos de inspecci\u00f3n capaces de acceder a conductos de di\u00e1metro reducido y a colectores de grandes di\u00e1metros que nos permiten inspeccionar desde tuber\u00edas en el interior de viviendas a colectores cloacales municipales<\/p>\n<p>Durante el desarrollo de la inspecci\u00f3n, se realiza una videograbaci\u00f3n en la que aparece sobreimpresa una leyenda que identifica el tramo de tuber\u00eda inspeccionado y la longitud recorrida de la inspecci\u00f3n, as\u00ed como la fecha y lugar de realizaci\u00f3n<\/p>\n<p><b>a:hover{text-decoration:underline}INSPECCION\u00a0DE REDES EN OBRA NUEVA Y EN OBRA EXISTENTE<\/b><\/p>\n<p>La inspecci\u00f3n de redes en obra nueva permite chequear que la instalaci\u00f3n de la tuber\u00eda es correcta y que no existen incidencias internas que puedan provocar problemas futuros de dif\u00edcil y costosa reparaci\u00f3n, que de no detectarse antes de la recepci\u00f3n de las obras pasan a ser un problema del explotador del sistema cloacal.<\/p>\n<p>Estos son algunos de los problemas que se pueden encontrar y que somos capaces de detectar con nuestros equipos de inspecci\u00f3n:<\/p>\n<ul>\n<li>Restos de obra<img loading=\"lazy\" decoding=\"async\" class=\" wp-image-2437 alignright\" src=\"https:\/\/www.ltcparaguay.com.py\/wp-content\/uploads\/2018\/08\/resumen-300x188.png\" alt=\"\" width=\"274\" height=\"172\" srcset=\"https:\/\/www.ltcparaguay.com.py\/wp-content\/uploads\/2018\/08\/resumen-300x188.png 300w, https:\/\/www.ltcparaguay.com.py\/wp-content\/uploads\/2018\/08\/resumen-768x481.png 768w, https:\/\/www.ltcparaguay.com.py\/wp-content\/uploads\/2018\/08\/resumen-1024x641.png 1024w, https:\/\/www.ltcparaguay.com.py\/wp-content\/uploads\/2018\/08\/resumen.png 1155w\" sizes=\"auto, (max-width: 274px) 100vw, 274px\" \/><\/li>\n<li>Contrapendientes<\/li>\n<li>Roturas y\/o deformaciones.<\/li>\n<li>Juntas mal colocadas<\/li>\n<li>Infiltraciones<\/li>\n<li>Acometidas pasantes&#8230;<\/li>\n<\/ul>\n<div id=\"main\">\n<div id=\"cnt\" class=\" mdm\">\n<div class=\"mw\">\n<div id=\"rcnt\">\n<div class=\"col\">\n<div id=\"center_col\">\n<div id=\"res\" class=\"med\" role=\"main\">\n<div id=\"search\">\n<div data-ved=\"0ahUKEwjh0KDenuTcAhUhC8AKHQN8C7UQGggk\">\n<div id=\"ires\" data-async-context=\"query:logo{3aec1ce3029c3105c6e7bdc3e8468e233dd14fc25987164b5a9bc84fde105bac}20pdf\">\n<div id=\"rso\">\n<div class=\"bkWMgd\">\n<div id=\"imagebox_bigimages\" class=\"g\" data-hveid=\"CAYQAA\">\n<div id=\"iur\" class=\"rg_r\">\n<div class=\"AX4s9b kno-ibrg\">\n<div>\n<div class=\"img-brk\" data-nr=\"3\">\n<div class=\"birrg Rn8SBd\">\n<div class=\"rg_ul\">\n<div class=\"rKSBKd bili rg_el ivg-i\" data-ved=\"2ahUKEwjh0KDenuTcAhUhC8AKHQN8C7UQ9AEoAjACegQIBhAH\">\n<div class=\"bicc\" style=\"text-align: right;\"><\/div>\n<div><\/div>\n<div class=\"bicc\" style=\"text-align: center;\">\u00a0 \u00a0 \u00a0 \u00a0<a id=\"cPO77fc0EMst4M:\" class=\"bia\" tabindex=\"0\" role=\"link\" href=\"https:\/\/www.google.es\/search?q=logo+pdf&amp;tbm=isch&amp;source=iu&amp;ictx=1&amp;fir=cPO77fc0EMst4M{3aec1ce3029c3105c6e7bdc3e8468e233dd14fc25987164b5a9bc84fde105bac}253A{3aec1ce3029c3105c6e7bdc3e8468e233dd14fc25987164b5a9bc84fde105bac}252CwSZaYjjJAKWiKM{3aec1ce3029c3105c6e7bdc3e8468e233dd14fc25987164b5a9bc84fde105bac}252C_&amp;usg=AFrqEzfhyk_yEWLuC518GiVrI1aekcydOA&amp;sa=X&amp;ved=2ahUKEwjh0KDenuTcAhUhC8AKHQN8C7UQ9QEwAnoECAYQCA#imgrc=cPO77fc0EMst4M:\" data-ved=\"2ahUKEwjh0KDenuTcAhUhC8AKHQN8C7UQ9QEwAnoECAYQCA\"><img loading=\"lazy\" decoding=\"async\" id=\"dimg_5\" class=\"rISBZc M4dUYb\" title=\"http:\/\/tastem.com\/carta-a-domicilio\/logo-pdf\/\" src=\"data:image\/png;base64,iVBORw0KGgoAAAANSUhEUgAAAHkAAAB5CAMAAAAqJH57AAAAk1BMVEXi5ef\/\/\/\/xVkLK0diwt73i6OryRizNytDlycnyUTvy8\/T19\/fxTjjwTDX5vLfmwsC6wMbzc2T6yMPyW0n+8fDyZFP2nJT83NrxSTDwPiH70Mz95uT3p5\/wQSb++fjGy8\/0hnrW2t3wORn3rab1lIr4tK3s4uP0e27dnZvtZFbW5OnhkIvybV3e1tjqeG3g7vHk0dFEjPJfAAADY0lEQVRoge3b4XqaMBQG4IA1W2yg1SJQFERL57q5dvd\/dSMQBAIBB5yke8b3ywLyQnI40KcFGfLcL9GgHDv2WQbJ3WFsmsfDKHk4jB7vbqGl8nA4le8Ww+XVOPkGWiaPgDO5n5bII2aZy71zDSf30YByDw0pd9OgcmeZwcpdNLDcQUPL8rkGl6U0vCyjFcgSWoXcTiuRWytcjdxGK5JbBlyV3KSVyQ1anSzSEPKhXRZoCPkokesVDiHLhrtOg8hIJldpGFlOH6BlaZWVNJSc5rg4tGUJLyO0aIsSuZVWI7fRiuQWWpXcpJXJDVqdLNIKZaRPRvpkpE9G+mSkT0b6ZKRPRvpkpE9G+mSkT0b6ZKRPRvpkpE9efVp5OVFukh2vkq8TBX30ytH6hAFyeu+V36gJEuv9o1sOfBjYNOnvZadsW2DywyzP8izrlqnFQxTLNNnzxGaBE7LleSK08gW6rcQUjvRvZbwxygTbbC25OOUyz8VFpyfVbQ0jJqNk06ntLWFt3a8LRoJzeF1fvAtHyU912TgTYRyyL\/ltsu2PlxOWfZANLuZy8GqnCXbZt15wIUfXZwpbGLxBcmhRSi3s8pPO5CT002AzjtjSNeHyDtM8lni7HSTznZy89LNLc9nldWVtGR2EhSztB2NkmqSfX\/26bFpsqfEEKpMkr5u6bIZsrl3C5ZCP9qRyaLNiskTZf80PKJOdou+8NVrSIJmw+Be2QUxEmbLKC7B4VcUje1gmX9ZpzllpO8X1XJGTVtnDE8gRS77etRqytU9\/3PiivLcmkMtkq8UKC\/Lpz+fZ5hEHe5wcuVmtCXJ2QcdFbT\/7eRr31EFykMV2+R2xLp\/YKUdAnST\/Tet6GlWZnNg1xQYbspMUyft2ejhhaMasoxoOOwxVchSVFR+xG4YyuRLnnD+qTCvjtClHz\/Vl1kvVjTZbXmysyIPJZHIJvHPjCrF3PN5mf7n2Khp73lYGD3jqxWHzcdd\/5glx9aZEQtzYdIQ8VWZ5lv9XWXyGmVD+hTplIwai8c8fPbKx39JryGR5+7449slG5JT59mWiLBY3yNWsGv8eMDxIl3zUJB9F+BP\/HWOWZ3mW\/x35vlse9a5Rd4weecz7VZ1Z9slgJ33fKwPN9MrolWHoEu6Qh78vKctyVd37H8jMgAShb1zdAAAAAElFTkSuQmCC\" alt=\"Resultado de imagen de logo pdf\" width=\"39\" height=\"38\" data-atf=\"3\" \/><\/a>\u00a0\u00a0<em><span style=\"color: #000080;\"><u><a style=\"color: #000080;\" href=\"https:\/\/www.ltcparaguay.com.py\/wp-content\/uploads\/2018\/08\/LTC-informa-1Por-qu\u00e9-es-importante-hacer-una-inspecci\u00f3n-de-tv-en-las-tuber\u00edas-de-obra-nuevas.pdf\">Inspecci\u00f3n Cloacal obra<\/a><\/u><u> <\/u><u><a style=\"color: #000080;\" href=\"https:\/\/www.ltcparaguay.com.py\/wp-content\/uploads\/2018\/08\/LTC-informa-1Por-qu\u00e9-es-importante-hacer-una-inspecci\u00f3n-de-tv-en-las-tuber\u00edas-de-obra-nuevas.pdf\">nueva<\/a><\/u><\/span><\/em><\/div>\n<\/div>\n<\/div>\n<\/div>\n<\/div>\n<\/div>\n<\/div>\n<\/div>\n<\/div>\n<\/div>\n<\/div>\n<\/div>\n<\/div>\n<\/div>\n<\/div>\n<\/div>\n<\/div>\n<\/div>\n<\/div>\n<\/div>\n<\/div>\n<p>La inspecci\u00f3n de tuber\u00edas cloacales y pluviales es de gran utilidad cuando los tranques y colapsos en su red cloacal son muy repetitivos, para realizar esta inspecci\u00f3n debemos de proceder a la limpieza de\u00a0 sus tuber\u00edas con nuestro sistema de alta presi\u00f3n para as\u00ed poder introducir la c\u00e1mara de monitoreo, y detectar cual es la incidencia que provoca sus continuos tranques.<\/p>\n<div><b><u>ELABORACION DE INFORMES<\/u><\/b><br \/>\n<b><u><br \/>\n<\/u><\/b> Una vez realizada la inspecci\u00f3n de la red\u00a0 y bajo petici\u00f3n elaboramos un informe t\u00e9cnico en el que se detallan los aspectos m\u00e1s relevantes del estado de la red inspeccionada, atendiendo a los criterios que marcan las principales entidades gestoras de los servicios de redes cloacales.<\/div>\n<div><\/div>\n","protected":false},"excerpt":{"rendered":"<p>INSPECCION DE REDES La inspeccion de tuber\u00edas cloacales es una herramienta b\u00e1sica tanto en obras nuevas como en obras existente. Nuestros equipos de inspecci\u00f3n, grabaci\u00f3n digital y edici\u00f3n se adaptan a las necesidades de una amplia gama de clientes, en funci\u00f3n de las exigencias t\u00e9cnicas que requieran este tipo de inspecciones. Contamos con equipos de [&hellip;]<\/p>\n","protected":false},"author":2,"featured_media":2334,"parent":0,"menu_order":0,"comment_status":"closed","ping_status":"closed","template":"","meta":{"footnotes":""},"class_list":["post-2323","page","type-page","status-publish","has-post-thumbnail","hentry"],"_links":{"self":[{"href":"https:\/\/www.ltcparaguay.com.py\/index.php\/wp-json\/wp\/v2\/pages\/2323","targetHints":{"allow":["GET"]}}],"collection":[{"href":"https:\/\/www.ltcparaguay.com.py\/index.php\/wp-json\/wp\/v2\/pages"}],"about":[{"href":"https:\/\/www.ltcparaguay.com.py\/index.php\/wp-json\/wp\/v2\/types\/page"}],"author":[{"embeddable":true,"href":"https:\/\/www.ltcparaguay.com.py\/index.php\/wp-json\/wp\/v2\/users\/2"}],"replies":[{"embeddable":true,"href":"https:\/\/www.ltcparaguay.com.py\/index.php\/wp-json\/wp\/v2\/comments?post=2323"}],"version-history":[{"count":9,"href":"https:\/\/www.ltcparaguay.com.py\/index.php\/wp-json\/wp\/v2\/pages\/2323\/revisions"}],"predecessor-version":[{"id":2412,"href":"https:\/\/www.ltcparaguay.com.py\/index.php\/wp-json\/wp\/v2\/pages\/2323\/revisions\/2412"}],"wp:featuredmedia":[{"embeddable":true,"href":"https:\/\/www.ltcparaguay.com.py\/index.php\/wp-json\/wp\/v2\/media\/2334"}],"wp:attachment":[{"href":"https:\/\/www.ltcparaguay.com.py\/index.php\/wp-json\/wp\/v2\/media?parent=2323"}],"curies":[{"name":"wp","href":"https:\/\/api.w.org\/{rel}","templated":true}]}}