{"id":2325,"date":"2016-08-09T15:16:41","date_gmt":"2016-08-09T15:16:41","guid":{"rendered":"https:\/\/www.ltcparaguay.com.py\/?page_id=2325"},"modified":"2018-08-11T05:34:27","modified_gmt":"2018-08-11T05:34:27","slug":"reparacion-de-tuberias-sin-destruccion-de-obras","status":"publish","type":"page","link":"https:\/\/www.ltcparaguay.com.py\/index.php\/reparacion-de-tuberias-sin-destruccion-de-obras\/","title":{"rendered":"Reparaci\u00f3n de tuber\u00edas sin destrucci\u00f3n de obras"},"content":{"rendered":"<p><b><u>REHABILITACION DE RED MEDIANTE PACKER CON CAMISA DE FIBRA<\/u><\/b><\/p>\n<p>Fruto de una inspecci\u00f3n de una instalaci\u00f3n de saneamiento, es posible apreciar la existencia de fisuras en las tuber\u00edas o deficiencias en la estanquidad de una uni\u00f3n de tuber\u00edas. En estos casos, una reparaci\u00f3n mediante la apertura de zanja para acceder al tubo, puede tener un elevado coste econ\u00f3mico, de afecci\u00f3n a la circulaci\u00f3n de veh\u00edculos, etc&#8230;<\/p>\n<p>En LTC disponemos de los medios y la capacitaci\u00f3n, para realizar la reparaci\u00f3n de este tipo de deficiencias en tuber\u00edas de cualquier material y di\u00e1metro.<\/p>\n<p>La t\u00e9cnica consiste en la introducci\u00f3n en la canalizaci\u00f3n afectada, de un bal\u00f3n de estanqueidad (packer) con una camisa de fibra de vidrio, impregnada de una resina de poliester. El bal\u00f3n es guiado hasta el punto de reparaci\u00f3n, mediante una c\u00e1mara de inspecci\u00f3n. Una vez situado el bal\u00f3n, se procede a su inflado, quedando adherida a la superficie del tubo la camisa de fibra de vidrio con la resina. Transcurrido el tiempo de fraguado, se desinfla el bal\u00f3n y se inspecciona la reparaci\u00f3n.<\/p>\n<p>&nbsp;<\/p>\n<p><img loading=\"lazy\" decoding=\"async\" class=\"alignnone size-full wp-image-2445\" src=\"https:\/\/www.ltcparaguay.com.py\/wp-content\/uploads\/2018\/08\/packers.png\" alt=\"\" width=\"283\" height=\"200\" \/>\u00a0\u00a0<img loading=\"lazy\" decoding=\"async\" class=\"wp-image-2446 alignright\" src=\"https:\/\/www.ltcparaguay.com.py\/wp-content\/uploads\/2018\/08\/packer-2-300x149.jpg\" alt=\"\" width=\"401\" height=\"199\" srcset=\"https:\/\/www.ltcparaguay.com.py\/wp-content\/uploads\/2018\/08\/packer-2-300x149.jpg 300w, https:\/\/www.ltcparaguay.com.py\/wp-content\/uploads\/2018\/08\/packer-2.jpg 640w\" sizes=\"auto, (max-width: 401px) 100vw, 401px\" \/><\/p>\n<p>&nbsp;<\/p>\n","protected":false},"excerpt":{"rendered":"<p>REHABILITACION DE RED MEDIANTE PACKER CON CAMISA DE FIBRA Fruto de una inspecci\u00f3n de una instalaci\u00f3n de saneamiento, es posible apreciar la existencia de fisuras en las tuber\u00edas o deficiencias en la estanquidad de una uni\u00f3n de tuber\u00edas. En estos casos, una reparaci\u00f3n mediante la apertura de zanja para acceder al tubo, puede tener un [&hellip;]<\/p>\n","protected":false},"author":2,"featured_media":2326,"parent":0,"menu_order":0,"comment_status":"closed","ping_status":"closed","template":"","meta":{"footnotes":""},"class_list":["post-2325","page","type-page","status-publish","has-post-thumbnail","hentry"],"_links":{"self":[{"href":"https:\/\/www.ltcparaguay.com.py\/index.php\/wp-json\/wp\/v2\/pages\/2325","targetHints":{"allow":["GET"]}}],"collection":[{"href":"https:\/\/www.ltcparaguay.com.py\/index.php\/wp-json\/wp\/v2\/pages"}],"about":[{"href":"https:\/\/www.ltcparaguay.com.py\/index.php\/wp-json\/wp\/v2\/types\/page"}],"author":[{"embeddable":true,"href":"https:\/\/www.ltcparaguay.com.py\/index.php\/wp-json\/wp\/v2\/users\/2"}],"replies":[{"embeddable":true,"href":"https:\/\/www.ltcparaguay.com.py\/index.php\/wp-json\/wp\/v2\/comments?post=2325"}],"version-history":[{"count":2,"href":"https:\/\/www.ltcparaguay.com.py\/index.php\/wp-json\/wp\/v2\/pages\/2325\/revisions"}],"predecessor-version":[{"id":2447,"href":"https:\/\/www.ltcparaguay.com.py\/index.php\/wp-json\/wp\/v2\/pages\/2325\/revisions\/2447"}],"wp:featuredmedia":[{"embeddable":true,"href":"https:\/\/www.ltcparaguay.com.py\/index.php\/wp-json\/wp\/v2\/media\/2326"}],"wp:attachment":[{"href":"https:\/\/www.ltcparaguay.com.py\/index.php\/wp-json\/wp\/v2\/media?parent=2325"}],"curies":[{"name":"wp","href":"https:\/\/api.w.org\/{rel}","templated":true}]}}