{"id":2328,"date":"2016-08-09T15:18:52","date_gmt":"2016-08-09T15:18:52","guid":{"rendered":"https:\/\/www.ltcparaguay.com.py\/?page_id=2328"},"modified":"2019-02-27T04:40:09","modified_gmt":"2019-02-27T04:40:09","slug":"otros-servicios","status":"publish","type":"page","link":"https:\/\/www.ltcparaguay.com.py\/index.php\/otros-servicios\/","title":{"rendered":"Otros servicios"},"content":{"rendered":"<p>[vc_row][vc_column][vc_column_text]<b><u>ACHIQUES Y ASPIRACIONES<\/u><\/b><\/p>\n<p>Nuestros potentes equipos de succi\u00f3n y grandes capacidades de almacenamiento en cisterna, nos permiten ofrecerle los siguientes servicios:<\/p>\n<ul>\n<li>Limpieza, vaciado y mantenimiento de fosas s\u00e9pticas<\/li>\n<li>Limpieza y vaciado en depuradoras<\/li>\n<li>Extracci\u00f3n de lodos por vac\u00edo.<\/li>\n<li>Achique en inundaciones<\/li>\n<li>Limpieza de tanques de combustible, fuel-oil, gasolina&#8230;<\/li>\n<\/ul>\n<p>&nbsp;<\/p>\n<p><b><u>TRANSPORTE DE RESIDUOS PELIGROSOS Y NO PELIGROSOS<\/u><\/b><\/p>\n<p>Contamos con autorizaci\u00f3n para el transporte de residuos peligrosos y disposici\u00f3n final.<\/p>\n<p>Realizamos transporte de la siguiente relaci\u00f3n de residuos peligrosos y no peligrosos.<\/p>\n<ul>\n<li>Lodos de depuradoras, fosas s\u00e9pticas.<\/li>\n<li>Residuos de industrias alimentarias.<\/li>\n<li>L\u00edquidos en limpieza de dep\u00f3sitos con trazas de hidrocarburos.<\/li>\n<li>Aceites y grasas.<\/li>\n<li>Disolventes.<\/li>\n<li>Lodos de lavaderos de veh\u00edculos.<\/li>\n<\/ul>\n<p>[\/vc_column_text][\/vc_column][\/vc_row]<\/p>\n","protected":false},"excerpt":{"rendered":"<p>[vc_row][vc_column][vc_column_text]ACHIQUES Y ASPIRACIONES Nuestros potentes equipos de succi\u00f3n y grandes capacidades de almacenamiento en cisterna, nos permiten ofrecerle los siguientes servicios: Limpieza, vaciado y mantenimiento de fosas s\u00e9pticas Limpieza y vaciado en depuradoras Extracci\u00f3n de lodos por vac\u00edo. Achique en inundaciones Limpieza de tanques de combustible, fuel-oil, gasolina&#8230; &nbsp; TRANSPORTE DE RESIDUOS PELIGROSOS Y NO [&hellip;]<\/p>\n","protected":false},"author":2,"featured_media":0,"parent":0,"menu_order":0,"comment_status":"closed","ping_status":"closed","template":"","meta":{"footnotes":""},"class_list":["post-2328","page","type-page","status-publish","hentry"],"_links":{"self":[{"href":"https:\/\/www.ltcparaguay.com.py\/index.php\/wp-json\/wp\/v2\/pages\/2328","targetHints":{"allow":["GET"]}}],"collection":[{"href":"https:\/\/www.ltcparaguay.com.py\/index.php\/wp-json\/wp\/v2\/pages"}],"about":[{"href":"https:\/\/www.ltcparaguay.com.py\/index.php\/wp-json\/wp\/v2\/types\/page"}],"author":[{"embeddable":true,"href":"https:\/\/www.ltcparaguay.com.py\/index.php\/wp-json\/wp\/v2\/users\/2"}],"replies":[{"embeddable":true,"href":"https:\/\/www.ltcparaguay.com.py\/index.php\/wp-json\/wp\/v2\/comments?post=2328"}],"version-history":[{"count":7,"href":"https:\/\/www.ltcparaguay.com.py\/index.php\/wp-json\/wp\/v2\/pages\/2328\/revisions"}],"predecessor-version":[{"id":2497,"href":"https:\/\/www.ltcparaguay.com.py\/index.php\/wp-json\/wp\/v2\/pages\/2328\/revisions\/2497"}],"wp:attachment":[{"href":"https:\/\/www.ltcparaguay.com.py\/index.php\/wp-json\/wp\/v2\/media?parent=2328"}],"curies":[{"name":"wp","href":"https:\/\/api.w.org\/{rel}","templated":true}]}}