{"id":2766,"date":"2026-05-02T19:22:12","date_gmt":"2026-05-02T19:22:12","guid":{"rendered":"https:\/\/www.ltcparaguay.com.py\/?page_id=2766"},"modified":"2026-05-02T19:45:32","modified_gmt":"2026-05-02T19:45:32","slug":"mapeo-cloacal","status":"publish","type":"page","link":"https:\/\/www.ltcparaguay.com.py\/index.php\/mapeo-cloacal\/","title":{"rendered":"Mapeo Cloacal"},"content":{"rendered":"<p>[vc_row][vc_column width=\u00bb2\/3&#8243;][vc_column_text]<\/p>\n<div><u><b>Mapeo Cloacal<\/b><\/u><\/div>\n<div>\n<div id=\"page\" class=\"hfeed site\">\n<div id=\"content\" class=\"site-content\">\n<div class=\"container\">\n<div class=\"row\">\n<div class=\"col-sm-12\">\n<div class=\"content\">\n<article id=\"post-2323\" class=\"post-2323 page type-page status-publish has-post-thumbnail hentry\">\n<div class=\"entry-content\">\n<div id=\"main\">\n<div id=\"cnt\" class=\" mdm\">\n<div class=\"mw\">\n<div id=\"rcnt\">\n<div class=\"col\">\n<div id=\"center_col\">\n<div id=\"res\" class=\"med\" role=\"main\">\n<div id=\"search\">\n<div data-ved=\"0ahUKEwjh0KDenuTcAhUhC8AKHQN8C7UQGggk\">\n<div id=\"ires\" data-async-context=\"query:logo{3aec1ce3029c3105c6e7bdc3e8468e233dd14fc25987164b5a9bc84fde105bac}20pdf\">\n<div id=\"rso\">\n<div class=\"bkWMgd\">\n<div id=\"imagebox_bigimages\" class=\"g\" data-hveid=\"CAYQAA\">\n<div id=\"iur\" class=\"rg_r\">\n<div class=\"AX4s9b kno-ibrg\">\n<div class=\"img-brk\" data-nr=\"3\">\n<div class=\"birrg Rn8SBd\">\n<div class=\"rg_ul\">\n<div class=\"rKSBKd bili rg_el ivg-i\" data-ved=\"2ahUKEwjh0KDenuTcAhUhC8AKHQN8C7UQ9AEoAjACegQIBhAH\">Si desconoce por donde discurre su red cloacal. LTC dispone de herramientas que permiten hacer un mapeo real de su red.<\/div>\n<div class=\"rKSBKd bili rg_el ivg-i\" data-ved=\"2ahUKEwjh0KDenuTcAhUhC8AKHQN8C7UQ9AEoAjACegQIBhAH\">&#8211; Ubicaci\u00f3n de los registros<\/div>\n<div class=\"rKSBKd bili rg_el ivg-i\" data-ved=\"2ahUKEwjh0KDenuTcAhUhC8AKHQN8C7UQ9AEoAjACegQIBhAH\">&#8211; Ubicaci\u00f3n de las tuber\u00edas<\/div>\n<div class=\"rKSBKd bili rg_el ivg-i\" data-ved=\"2ahUKEwjh0KDenuTcAhUhC8AKHQN8C7UQ9AEoAjACegQIBhAH\">&#8211; Di\u00e1metros<\/div>\n<div class=\"rKSBKd bili rg_el ivg-i\" data-ved=\"2ahUKEwjh0KDenuTcAhUhC8AKHQN8C7UQ9AEoAjACegQIBhAH\">&#8211; Estado de sus tuber\u00edas<\/div>\n<\/div>\n<\/div>\n<\/div>\n<\/div>\n<\/div>\n<\/div>\n<\/div>\n<\/div>\n<\/div>\n<\/div>\n<\/div>\n<\/div>\n<\/div>\n<\/div>\n<\/div>\n<\/div>\n<\/div>\n<\/div>\n<\/div>\n<\/article>\n<\/div>\n<\/div>\n<\/div>\n<\/div>\n<\/div>\n<\/div>\n<\/div>\n<p>[\/vc_column_text][\/vc_column][vc_column width=\u00bb1\/3&#8243;][vc_gallery interval=\u00bb3&#8243; images=\u00bb2751&#8243;][\/vc_column][\/vc_row]<\/p>\n","protected":false},"excerpt":{"rendered":"<p>[vc_row][vc_column width=\u00bb2\/3&#8243;][vc_column_text] Mapeo Cloacal Si desconoce por donde discurre su red cloacal. LTC dispone de herramientas que permiten hacer un mapeo real de su red. &#8211; Ubicaci\u00f3n de los registros &#8211; Ubicaci\u00f3n de las tuber\u00edas &#8211; Di\u00e1metros &#8211; Estado de sus tuber\u00edas [\/vc_column_text][\/vc_column][vc_column width=\u00bb1\/3&#8243;][vc_gallery interval=\u00bb3&#8243; images=\u00bb2751&#8243;][\/vc_column][\/vc_row]<\/p>\n","protected":false},"author":2,"featured_media":0,"parent":0,"menu_order":0,"comment_status":"closed","ping_status":"closed","template":"","meta":{"footnotes":""},"class_list":["post-2766","page","type-page","status-publish","hentry"],"_links":{"self":[{"href":"https:\/\/www.ltcparaguay.com.py\/index.php\/wp-json\/wp\/v2\/pages\/2766","targetHints":{"allow":["GET"]}}],"collection":[{"href":"https:\/\/www.ltcparaguay.com.py\/index.php\/wp-json\/wp\/v2\/pages"}],"about":[{"href":"https:\/\/www.ltcparaguay.com.py\/index.php\/wp-json\/wp\/v2\/types\/page"}],"author":[{"embeddable":true,"href":"https:\/\/www.ltcparaguay.com.py\/index.php\/wp-json\/wp\/v2\/users\/2"}],"replies":[{"embeddable":true,"href":"https:\/\/www.ltcparaguay.com.py\/index.php\/wp-json\/wp\/v2\/comments?post=2766"}],"version-history":[{"count":8,"href":"https:\/\/www.ltcparaguay.com.py\/index.php\/wp-json\/wp\/v2\/pages\/2766\/revisions"}],"predecessor-version":[{"id":2775,"href":"https:\/\/www.ltcparaguay.com.py\/index.php\/wp-json\/wp\/v2\/pages\/2766\/revisions\/2775"}],"wp:attachment":[{"href":"https:\/\/www.ltcparaguay.com.py\/index.php\/wp-json\/wp\/v2\/media?parent=2766"}],"curies":[{"name":"wp","href":"https:\/\/api.w.org\/{rel}","templated":true}]}}